{"id":1436,"date":"2025-04-16T17:54:18","date_gmt":"2025-04-16T17:54:18","guid":{"rendered":"https:\/\/boring-chaplygin.192-99-16-140.plesk.page\/?page_id=1436"},"modified":"2025-04-25T19:33:38","modified_gmt":"2025-04-25T19:33:38","slug":"legal","status":"publish","type":"page","link":"https:\/\/ndtbenefits.org\/fr\/about\/legal\/","title":{"rendered":"L\u00e9gal"},"content":{"rendered":"<div data-elementor-type=\"wp-page\" data-elementor-id=\"1436\" class=\"elementor elementor-1436\" data-elementor-post-type=\"page\">\n\t\t\t\t<div class=\"elementor-element elementor-element-e8da94c e-con-full e-flex e-con e-parent\" data-id=\"e8da94c\" data-element_type=\"container\" data-e-type=\"container\">\n\t\t\t\t<div class=\"elementor-element elementor-element-2979e4f elementor-widget elementor-widget-heading\" data-id=\"2979e4f\" data-element_type=\"widget\" data-e-type=\"widget\" data-widget_type=\"heading.default\">\n\t\t\t\t<div class=\"elementor-widget-container\">\n\t\t\t\t\t<h1 class=\"elementor-heading-title elementor-size-default\">\u00c0 propos<\/h1>\t\t\t\t<\/div>\n\t\t\t\t<\/div>\n\t\t\t\t<\/div>\n\t\t<div class=\"elementor-element elementor-element-cd5ee01 e-con-full e-flex e-con e-parent\" data-id=\"cd5ee01\" data-element_type=\"container\" data-e-type=\"container\">\n\t\t<div class=\"elementor-element elementor-element-cc09d54 e-con-full e-flex e-con e-child\" data-id=\"cc09d54\" data-element_type=\"container\" data-e-type=\"container\">\n\t\t\t\t<\/div>\n\t\t<div class=\"elementor-element elementor-element-dde9a01 e-con-full e-flex e-con e-child\" data-id=\"dde9a01\" data-element_type=\"container\" data-e-type=\"container\">\n\t\t\t\t<div class=\"elementor-element elementor-element-5af3dc4 elementor-widget elementor-widget-heading\" data-id=\"5af3dc4\" data-element_type=\"widget\" data-e-type=\"widget\" data-widget_type=\"heading.default\">\n\t\t\t\t<div class=\"elementor-widget-container\">\n\t\t\t\t\t<h2 class=\"elementor-heading-title elementor-size-default\">Avis de non-responsabilit\u00e9 juridique<\/h2>\t\t\t\t<\/div>\n\t\t\t\t<\/div>\n\t\t\t\t<div class=\"elementor-element elementor-element-6050a6c elementor-widget elementor-widget-text-editor\" data-id=\"6050a6c\" data-element_type=\"widget\" data-e-type=\"widget\" data-widget_type=\"text-editor.default\">\n\t\t\t\t<div class=\"elementor-widget-container\">\n\t\t\t\t\t\t\t\t\t<p>Ce site web fournit des informations sur les r\u00e9gimes d&#039;avantages sociaux, mais ne constitue pas un document juridique. En cas de conflit entre le contenu de ce site web et les r\u00e9gimes, contrats ou r\u00e8glements en vigueur, les dispositions de ces documents pr\u00e9valent.<\/p><p>Le contenu de ce site web est fourni \u00e0 titre informatif uniquement et ne constitue en aucun cas un conseil. Veuillez ne pas agir ou vous fier \u00e0 ces informations sans consulter un professionnel.<\/p><p>Les informations et documents fournis sur ce site web sont fournis \u00ab\u00a0en l&#039;\u00e9tat\u00a0\u00bb, sans aucune garantie. Le Plan d\u00e9ploie tous les efforts raisonnables pour inclure des informations exactes et \u00e0 jour sur ce site\u00a0; il ne garantit toutefois pas leur exactitude ou leur exhaustivit\u00e9. Vous utilisez ce site web \u00e0 vos propres risques. Le Plan, ses fournisseurs et les autres parties impliqu\u00e9es dans la cr\u00e9ation et la diffusion du contenu de ce site web ne sont pas responsables des dommages r\u00e9sultant de l&#039;utilisation de ce site.<\/p><p>Ce site peut contenir des liens vers des sites exploit\u00e9s par des tiers sur lesquels Le Plan n&#039;exerce aucun contr\u00f4le. Le Plan ne fait aucune d\u00e9claration concernant les autres sites web auxquels vous pourriez acc\u00e9der via celui-ci. Les liens n&#039;impliquent pas que le Plan soit affili\u00e9 \u00e0 un tiers ou le cautionne, ni qu&#039;il soit l\u00e9galement autoris\u00e9 \u00e0 utiliser une marque, un nom commercial, un logo ou un symbole de droit d&#039;auteur affich\u00e9 ou accessible via les liens, ni que tout site li\u00e9 soit autoris\u00e9 \u00e0 utiliser une marque, un nom commercial, un logo ou un symbole de droit d&#039;auteur du Plan.<\/p>\t\t\t\t\t\t\t\t<\/div>\n\t\t\t\t<\/div>\n\t\t\t\t<\/div>\n\t\t\t\t<\/div>\n\t\t\t\t<\/div>","protected":false},"excerpt":{"rendered":"<p>About Legal Disclaimer This website provides details of Benefit Plans, but it is not a legal document. In the event of any conflict between the contents of this website and the actual Plans, contracts, or regulations, the provisions outlined in those documents apply. The contents of this website are provided for informational purposes only and [&hellip;]<\/p>\n","protected":false},"author":1,"featured_media":0,"parent":1316,"menu_order":0,"comment_status":"closed","ping_status":"closed","template":"","meta":{"footnotes":""},"class_list":["post-1436","page","type-page","status-publish","hentry"],"_links":{"self":[{"href":"https:\/\/ndtbenefits.org\/fr\/wp-json\/wp\/v2\/pages\/1436","targetHints":{"allow":["GET"]}}],"collection":[{"href":"https:\/\/ndtbenefits.org\/fr\/wp-json\/wp\/v2\/pages"}],"about":[{"href":"https:\/\/ndtbenefits.org\/fr\/wp-json\/wp\/v2\/types\/page"}],"author":[{"embeddable":true,"href":"https:\/\/ndtbenefits.org\/fr\/wp-json\/wp\/v2\/users\/1"}],"replies":[{"embeddable":true,"href":"https:\/\/ndtbenefits.org\/fr\/wp-json\/wp\/v2\/comments?post=1436"}],"version-history":[{"count":7,"href":"https:\/\/ndtbenefits.org\/fr\/wp-json\/wp\/v2\/pages\/1436\/revisions"}],"predecessor-version":[{"id":1706,"href":"https:\/\/ndtbenefits.org\/fr\/wp-json\/wp\/v2\/pages\/1436\/revisions\/1706"}],"up":[{"embeddable":true,"href":"https:\/\/ndtbenefits.org\/fr\/wp-json\/wp\/v2\/pages\/1316"}],"wp:attachment":[{"href":"https:\/\/ndtbenefits.org\/fr\/wp-json\/wp\/v2\/media?parent=1436"}],"curies":[{"name":"wp","href":"https:\/\/api.w.org\/{rel}","templated":true}]}}