{"id":1314,"date":"2025-04-15T17:12:49","date_gmt":"2025-04-15T17:12:49","guid":{"rendered":"https:\/\/boring-chaplygin.192-99-16-140.plesk.page\/?page_id=1314"},"modified":"2025-04-25T18:44:05","modified_gmt":"2025-04-25T18:44:05","slug":"about-us","status":"publish","type":"page","link":"https:\/\/ndtbenefits.org\/fr\/about\/about-us\/","title":{"rendered":"\u00c0 propos de nous"},"content":{"rendered":"<div data-elementor-type=\"wp-page\" data-elementor-id=\"1314\" class=\"elementor elementor-1314\" data-elementor-post-type=\"page\">\n\t\t\t\t<div class=\"elementor-element elementor-element-e8da94c e-con-full e-flex e-con e-parent\" data-id=\"e8da94c\" data-element_type=\"container\" data-e-type=\"container\">\n\t\t\t\t<div class=\"elementor-element elementor-element-2979e4f elementor-widget elementor-widget-heading\" data-id=\"2979e4f\" data-element_type=\"widget\" data-e-type=\"widget\" data-widget_type=\"heading.default\">\n\t\t\t\t<div class=\"elementor-widget-container\">\n\t\t\t\t\t<h1 class=\"elementor-heading-title elementor-size-default\">\u00c0 propos<\/h1>\t\t\t\t<\/div>\n\t\t\t\t<\/div>\n\t\t\t\t<\/div>\n\t\t<div class=\"elementor-element elementor-element-cd5ee01 e-con-full e-flex e-con e-parent\" data-id=\"cd5ee01\" data-element_type=\"container\" data-e-type=\"container\">\n\t\t<div class=\"elementor-element elementor-element-cc09d54 e-con-full e-flex e-con e-child\" data-id=\"cc09d54\" data-element_type=\"container\" data-e-type=\"container\">\n\t\t\t\t<\/div>\n\t\t<div class=\"elementor-element elementor-element-dde9a01 e-con-full e-flex e-con e-child\" data-id=\"dde9a01\" data-element_type=\"container\" data-e-type=\"container\">\n\t\t\t\t<div class=\"elementor-element elementor-element-5af3dc4 elementor-widget elementor-widget-heading\" data-id=\"5af3dc4\" data-element_type=\"widget\" data-e-type=\"widget\" data-widget_type=\"heading.default\">\n\t\t\t\t<div class=\"elementor-widget-container\">\n\t\t\t\t\t<h2 class=\"elementor-heading-title elementor-size-default\">\u00c0 propos de nous\n<\/h2>\t\t\t\t<\/div>\n\t\t\t\t<\/div>\n\t\t\t\t<div class=\"elementor-element elementor-element-b079865 elementor-widget elementor-widget-heading\" data-id=\"b079865\" data-element_type=\"widget\" data-e-type=\"widget\" data-widget_type=\"heading.default\">\n\t\t\t\t<div class=\"elementor-widget-container\">\n\t\t\t\t\t<h3 class=\"elementor-heading-title elementor-size-default\">Essais non destructifs<\/h3>\t\t\t\t<\/div>\n\t\t\t\t<\/div>\n\t\t\t\t<div class=\"elementor-element elementor-element-6050a6c elementor-widget elementor-widget-text-editor\" data-id=\"6050a6c\" data-element_type=\"widget\" data-e-type=\"widget\" data-widget_type=\"text-editor.default\">\n\t\t\t\t<div class=\"elementor-widget-container\">\n\t\t\t\t\t\t\t\t\t<p>L&#039;industrie des essais non destructifs joue un r\u00f4le cl\u00e9 dans l&#039;industrie de la construction au Canada. Elle est compos\u00e9e de techniciens hautement sp\u00e9cialis\u00e9s qui s&#039;assurent que les mat\u00e9riaux de construction, les proc\u00e9d\u00e9s de fabrication et d&#039;assemblage, ainsi que les nouvelles r\u00e9parations, r\u00e9pondent aux normes les plus strictes de l&#039;industrie. Des moyens sp\u00e9cialis\u00e9s, comme la radiographie (rayons X), les ultrasons, la magn\u00e9toscopie et le ressuage, sont utilis\u00e9s pour \u00e9valuer les zones difficiles, voire impossibles, \u00e0 examiner \u00e0 l&#039;\u0153il nu. Cet \u00e9quipement permet aux techniciens de d\u00e9tecter des signes de corrosion interne ou d&#039;\u00e9valuer l&#039;int\u00e9grit\u00e9 d&#039;une structure soud\u00e9e.<\/p>\t\t\t\t\t\t\t\t<\/div>\n\t\t\t\t<\/div>\n\t\t\t\t<div class=\"elementor-element elementor-element-60693c1 elementor-widget elementor-widget-heading\" data-id=\"60693c1\" data-element_type=\"widget\" data-e-type=\"widget\" data-widget_type=\"heading.default\">\n\t\t\t\t<div class=\"elementor-widget-container\">\n\t\t\t\t\t<h3 class=\"elementor-heading-title elementor-size-default\">Gestion et exploitation du plan<\/h3>\t\t\t\t<\/div>\n\t\t\t\t<\/div>\n\t\t\t\t<div class=\"elementor-element elementor-element-e659a1e elementor-widget elementor-widget-text-editor\" data-id=\"e659a1e\" data-element_type=\"widget\" data-e-type=\"widget\" data-widget_type=\"text-editor.default\">\n\t\t\t\t<div class=\"elementor-widget-container\">\n\t\t\t\t\t\t\t\t\t<p>Les r\u00e9gimes sont \u00e9tablis et financ\u00e9s conform\u00e9ment aux termes de la convention collective entre la Nondestructive Testing Management Association et le Conseil canadien du contr\u00f4le de la qualit\u00e9.<\/p>\t\t\t\t\t\t\t\t<\/div>\n\t\t\t\t<\/div>\n\t\t\t\t<div class=\"elementor-element elementor-element-d22757b elementor-widget elementor-widget-heading\" data-id=\"d22757b\" data-element_type=\"widget\" data-e-type=\"widget\" data-widget_type=\"heading.default\">\n\t\t\t\t<div class=\"elementor-widget-container\">\n\t\t\t\t\t<h3 class=\"elementor-heading-title elementor-size-default\">Conseils d&#039;administration<\/h3>\t\t\t\t<\/div>\n\t\t\t\t<\/div>\n\t\t\t\t<div class=\"elementor-element elementor-element-6b38894 elementor-widget elementor-widget-text-editor\" data-id=\"6b38894\" data-element_type=\"widget\" data-e-type=\"widget\" data-widget_type=\"text-editor.default\">\n\t\t\t\t<div class=\"elementor-widget-container\">\n\t\t\t\t\t\t\t\t\t<p>Les r\u00e9gimes et les fonds fiduciaires connexes sont g\u00e9r\u00e9s par un conseil d&#039;administration. Ce dernier est charg\u00e9 de g\u00e9rer les fonds et d&#039;\u00e9tablir les niveaux de prestations et les autres dispositions du r\u00e9gime, en fonction des fonds disponibles et conform\u00e9ment \u00e0 la l\u00e9gislation applicable et aux dispositions de la convention collective.<\/p>\t\t\t\t\t\t\t\t<\/div>\n\t\t\t\t<\/div>\n\t\t\t\t<div class=\"elementor-element elementor-element-d252268 elementor-widget elementor-widget-heading\" data-id=\"d252268\" data-element_type=\"widget\" data-e-type=\"widget\" data-widget_type=\"heading.default\">\n\t\t\t\t<div class=\"elementor-widget-container\">\n\t\t\t\t\t<h3 class=\"elementor-heading-title elementor-size-default\">Administration<\/h3>\t\t\t\t<\/div>\n\t\t\t\t<\/div>\n\t\t\t\t<div class=\"elementor-element elementor-element-ddd2373 elementor-widget elementor-widget-text-editor\" data-id=\"ddd2373\" data-element_type=\"widget\" data-e-type=\"widget\" data-widget_type=\"text-editor.default\">\n\t\t\t\t<div class=\"elementor-widget-container\">\n\t\t\t\t\t\t\t\t\t<p>Les administrateurs nomment et collaborent avec une \u00e9quipe de conseillers professionnels, compos\u00e9e d&#039;administrateurs, de gestionnaires de placements, de consultants en investissement et d&#039;avocats. Ils ont d\u00e9sign\u00e9 le groupe McAteer comme <a href=\"\/fr\/contact-us\/\">Bureau d&#039;administration du r\u00e9gime<\/a> assurer l&#039;administration quotidienne des r\u00e9gimes de soins de sant\u00e9 et de retraite. Le Bureau d&#039;administration des r\u00e9gimes est plac\u00e9 sous la direction g\u00e9n\u00e9rale des administrateurs.<\/p><p>Les coordonn\u00e9es sont disponibles sur le <a href=\"\/fr\/contact-us\/\">Contactez-nous<\/a> page.<\/p>\t\t\t\t\t\t\t\t<\/div>\n\t\t\t\t<\/div>\n\t\t\t\t<\/div>\n\t\t\t\t<\/div>\n\t\t\t\t<\/div>","protected":false},"excerpt":{"rendered":"<p>About About Us Nondestructive Testing The Nondestructive Testing Industry plays a key function within the Construction Industry in Canada. The Industry is comprised of highly specialized technicians who ensure that building materials, fabrication and joining processes and new repairs meet strict industry standards. Specialized means such as radiography (x-ray), ultrasound, magnetic particle inspection and liquid [&hellip;]<\/p>\n","protected":false},"author":1,"featured_media":0,"parent":1316,"menu_order":0,"comment_status":"closed","ping_status":"closed","template":"","meta":{"footnotes":""},"class_list":["post-1314","page","type-page","status-publish","hentry"],"_links":{"self":[{"href":"https:\/\/ndtbenefits.org\/fr\/wp-json\/wp\/v2\/pages\/1314","targetHints":{"allow":["GET"]}}],"collection":[{"href":"https:\/\/ndtbenefits.org\/fr\/wp-json\/wp\/v2\/pages"}],"about":[{"href":"https:\/\/ndtbenefits.org\/fr\/wp-json\/wp\/v2\/types\/page"}],"author":[{"embeddable":true,"href":"https:\/\/ndtbenefits.org\/fr\/wp-json\/wp\/v2\/users\/1"}],"replies":[{"embeddable":true,"href":"https:\/\/ndtbenefits.org\/fr\/wp-json\/wp\/v2\/comments?post=1314"}],"version-history":[{"count":7,"href":"https:\/\/ndtbenefits.org\/fr\/wp-json\/wp\/v2\/pages\/1314\/revisions"}],"predecessor-version":[{"id":1703,"href":"https:\/\/ndtbenefits.org\/fr\/wp-json\/wp\/v2\/pages\/1314\/revisions\/1703"}],"up":[{"embeddable":true,"href":"https:\/\/ndtbenefits.org\/fr\/wp-json\/wp\/v2\/pages\/1316"}],"wp:attachment":[{"href":"https:\/\/ndtbenefits.org\/fr\/wp-json\/wp\/v2\/media?parent=1314"}],"curies":[{"name":"wp","href":"https:\/\/api.w.org\/{rel}","templated":true}]}}